{"id":2,"date":"2025-11-15T17:36:55","date_gmt":"2025-11-15T17:36:55","guid":{"rendered":"http:\/\/www.host661842.stronawcal.pl\/?page_id=2"},"modified":"2026-01-26T12:30:13","modified_gmt":"2026-01-26T12:30:13","slug":"sample-page","status":"publish","type":"page","link":"https:\/\/www.host661842.stronawcal.pl\/","title":{"rendered":"Start"},"content":{"rendered":"\n<div class=\"wp-block-group\"><div class=\"wp-block-group__inner-container is-layout-constrained wp-block-group-is-layout-constrained\"><style>.kadence-column2_117d93-8f > .kt-inside-inner-col{display:flex;}.kadence-column2_117d93-8f{max-width:901px;margin-left:auto;margin-right:auto;}.wp-block-kadence-column.kb-section-dir-horizontal:not(.kb-section-md-dir-vertical)>.kt-inside-inner-col>.kadence-column2_117d93-8f{-webkit-flex:0 1 901px;flex:0 1 901px;max-width:unset;margin-left:unset;margin-right:unset;}.kadence-column2_117d93-8f > .kt-inside-inner-col{box-shadow:0px 0px 60px 5px rgba(0, 0, 0, 0.2);}.kadence-column2_117d93-8f > .kt-inside-inner-col,.kadence-column2_117d93-8f > .kt-inside-inner-col:before{border-top-left-radius:0px;border-top-right-radius:0px;border-bottom-right-radius:0px;border-bottom-left-radius:0px;}.kadence-column2_117d93-8f > .kt-inside-inner-col{column-gap:var(--global-kb-gap-sm, 1rem);}.kadence-column2_117d93-8f > .kt-inside-inner-col{flex-direction:column;align-items:center;}.kadence-column2_117d93-8f > .kt-inside-inner-col > .kb-image-is-ratio-size{align-self:stretch;}.kadence-column2_117d93-8f > .kt-inside-inner-col > .wp-block-kadence-advancedgallery{align-self:stretch;}.kadence-column2_117d93-8f > .kt-inside-inner-col > .aligncenter{width:100%;}.kadence-column2_117d93-8f > .kt-inside-inner-col{background-color:#ffffff;}.kadence-column2_117d93-8f > .kt-inside-inner-col:before{opacity:0.3;}.kadence-column2_117d93-8f{position:relative;}@media all and (min-width: 1025px){.wp-block-kadence-column.kb-section-dir-horizontal>.kt-inside-inner-col>.kadence-column2_117d93-8f{-webkit-flex:0 1 901px;flex:0 1 901px;max-width:unset;margin-left:unset;margin-right:unset;}}@media all and (max-width: 1024px){.kadence-column2_117d93-8f > .kt-inside-inner-col{flex-direction:column;justify-content:center;align-items:center;}}@media all and (max-width: 767px){.kadence-column2_117d93-8f > .kt-inside-inner-col{padding-top:20px;padding-right:10px;padding-bottom:20px;padding-left:10px;flex-direction:column;justify-content:center;align-items:center;}.kt-row-column-wrap > .kadence-column2_117d93-8f{align-self:center;}.kt-inner-column-height-full:not(.kt-has-1-columns) > .wp-block-kadence-column.kadence-column2_117d93-8f{align-self:auto;}.kt-inner-column-height-full:not(.kt-has-1-columns) > .wp-block-kadence-column.kadence-column2_117d93-8f > .kt-inside-inner-col{flex-direction:column;justify-content:center;}.kadence-column2_117d93-8f{max-width:360px;margin-left:auto;margin-right:auto;}.wp-block-kadence-column.kb-section-sm-dir-vertical:not(.kb-section-sm-dir-horizontal):not(.kb-section-sm-dir-specificity)>.kt-inside-inner-col>.kadence-column2_117d93-8f{-webkit-flex:0 1 360px;flex:0 1 360px;}.wp-block-kadence-column>.kt-inside-inner-col>.kadence-column2_117d93-8f{-webkit-flex:1 360px;flex:1 360px;}.wp-block-kadence-column.kb-section-sm-dir-horizontal>.kt-inside-inner-col>.kadence-column2_117d93-8f, .wp-block-kadence-column.kb-section-dir-horizontal:not(.kb-section-sm-dir-vertical):not(.kb-section-md-dir-vertical) >.kt-inside-inner-col>.kadence-column2_117d93-8f{-webkit-flex:0 1 360px;flex:0 1 360px;max-width:unset;margin-left:unset;margin-right:unset;}.kadence-column2_117d93-8f, .kt-inside-inner-col > .kadence-column2_117d93-8f:not(.specificity){margin-top:var(--global-kb-spacing-auto, auto);margin-bottom:var(--global-kb-spacing-auto, auto);}}<\/style>\n<div class=\"wp-block-kadence-column kadence-column2_117d93-8f kb-section-sm-dir-vertical\"><div class=\"kt-inside-inner-col\">\n<h2 class=\"wp-block-heading has-text-align-center\" id=\"kobieca-tarcza-w-cyfrowym-swiecie\" style=\"border-radius:100px;font-size:26px\">Kobieca tarcza w cyfrowym \u015bwiecie<\/h2>\n\n\n\n<p class=\"has-text-align-center\" style=\"font-size:19px\">Pomagam kobietom czu\u0107 si\u0119 pewnie i bezpiecznie w cyfrowym \u015bwiecie \u2014 w prosty i zrozumia\u0142y spos\u00f3b.<\/p>\n\n\n<div class=\"wp-block-image is-style-rounded\">\n<figure class=\"aligncenter size-large is-resized has-custom-border\"><img fetchpriority=\"high\" decoding=\"async\" width=\"1024\" height=\"573\" src=\"https:\/\/www.host661842.stronawcal.pl\/wp-content\/uploads\/2025\/11\/pani-8-1024x573.png\" alt=\"\" class=\"wp-image-210\" style=\"border-style:none;border-width:0px;border-radius:84px;object-fit:cover;width:1050px;height:auto\" srcset=\"https:\/\/www.host661842.stronawcal.pl\/wp-content\/uploads\/2025\/11\/pani-8-1024x573.png 1024w, https:\/\/www.host661842.stronawcal.pl\/wp-content\/uploads\/2025\/11\/pani-8-300x168.png 300w, https:\/\/www.host661842.stronawcal.pl\/wp-content\/uploads\/2025\/11\/pani-8-768x430.png 768w, https:\/\/www.host661842.stronawcal.pl\/wp-content\/uploads\/2025\/11\/pani-8-1536x860.png 1536w, https:\/\/www.host661842.stronawcal.pl\/wp-content\/uploads\/2025\/11\/pani-8.png 1600w\" sizes=\"(max-width: 1024px) 100vw, 1024px\" \/><\/figure><\/div>\n\n\n<div class=\"wp-block-columns has-xxlarge-font-size is-layout-flex wp-container-core-columns-is-layout-f9d03155 wp-block-columns-is-layout-flex\" style=\"border-style:none;border-width:0px;border-radius:0px;margin-top:0;margin-bottom:0;padding-top:0;padding-bottom:0\">\n<div class=\"wp-block-column is-layout-flow wp-block-column-is-layout-flow\" style=\"flex-basis:320px\">\n<figure class=\"wp-block-image size-full kafelek\"><img decoding=\"async\" width=\"1024\" height=\"1024\" src=\"https:\/\/www.host661842.stronawcal.pl\/wp-content\/uploads\/2025\/11\/notatki-1.png\" alt=\"\" class=\"wp-image-216\" style=\"object-fit:cover\" srcset=\"https:\/\/www.host661842.stronawcal.pl\/wp-content\/uploads\/2025\/11\/notatki-1.png 1024w, https:\/\/www.host661842.stronawcal.pl\/wp-content\/uploads\/2025\/11\/notatki-1-300x300.png 300w, https:\/\/www.host661842.stronawcal.pl\/wp-content\/uploads\/2025\/11\/notatki-1-150x150.png 150w, https:\/\/www.host661842.stronawcal.pl\/wp-content\/uploads\/2025\/11\/notatki-1-768x768.png 768w\" sizes=\"(max-width: 1024px) 100vw, 1024px\" \/><\/figure>\n\n\n\n<h6 class=\"wp-block-heading has-text-align-center\" id=\"sprawdz-oszustwo\"><a href=\"https:\/\/www.host661842.stronawcal.pl\/index.php\/sprawdz-oszustwo\/\" data-type=\"page\" data-id=\"493\" target=\"_blank\" rel=\"noreferrer noopener\"><strong>SPRAWD\u0179 OSZUSTWO<\/strong><\/a><\/h6>\n<\/div>\n\n\n\n<div class=\"wp-block-column is-layout-flow wp-block-column-is-layout-flow\" style=\"flex-basis:320px\">\n<figure class=\"wp-block-image size-full\"><img decoding=\"async\" width=\"1024\" height=\"1024\" src=\"http:\/\/www.host661842.stronawcal.pl\/wp-content\/uploads\/2025\/11\/tablet.png\" alt=\"\" class=\"wp-image-218\" style=\"object-fit:cover\" srcset=\"https:\/\/www.host661842.stronawcal.pl\/wp-content\/uploads\/2025\/11\/tablet.png 1024w, https:\/\/www.host661842.stronawcal.pl\/wp-content\/uploads\/2025\/11\/tablet-300x300.png 300w, https:\/\/www.host661842.stronawcal.pl\/wp-content\/uploads\/2025\/11\/tablet-150x150.png 150w, https:\/\/www.host661842.stronawcal.pl\/wp-content\/uploads\/2025\/11\/tablet-768x768.png 768w\" sizes=\"(max-width: 1024px) 100vw, 1024px\" \/><\/figure>\n\n\n\n<h6 class=\"wp-block-heading has-text-align-center\" id=\"e-booki-i-pdf-y\"><a href=\"https:\/\/www.host661842.stronawcal.pl\/index.php\/e-booki-i-pdf-y-2\/\" target=\"_blank\" rel=\"noreferrer noopener\">E-BOOKI i PDF-y<\/a><\/h6>\n<\/div>\n\n\n\n<div class=\"wp-block-column is-layout-flow wp-block-column-is-layout-flow\" style=\"flex-basis:320px\">\n<figure class=\"wp-block-image size-full\"><img loading=\"lazy\" decoding=\"async\" width=\"1024\" height=\"1024\" src=\"http:\/\/www.host661842.stronawcal.pl\/wp-content\/uploads\/2025\/11\/a11.png\" alt=\"\" class=\"wp-image-221\" style=\"object-fit:cover\" srcset=\"https:\/\/www.host661842.stronawcal.pl\/wp-content\/uploads\/2025\/11\/a11.png 1024w, https:\/\/www.host661842.stronawcal.pl\/wp-content\/uploads\/2025\/11\/a11-300x300.png 300w, https:\/\/www.host661842.stronawcal.pl\/wp-content\/uploads\/2025\/11\/a11-150x150.png 150w, https:\/\/www.host661842.stronawcal.pl\/wp-content\/uploads\/2025\/11\/a11-768x768.png 768w\" sizes=\"(max-width: 1024px) 100vw, 1024px\" \/><\/figure>\n\n\n\n<h6 class=\"wp-block-heading has-text-align-center\" id=\"audyty-bezpieczenstwa\"><a href=\"https:\/\/www.host661842.stronawcal.pl\/index.php\/audyty-bezpieczenstwa-2\/\" target=\"_blank\" rel=\"noreferrer noopener\">AUDYTY BEZPIECZE\u0143STWA<\/a><\/h6>\n<\/div>\n<\/div>\n\n\n\n<p><\/p>\n\n\n\n<p><\/p>\n\n\n\n<p class=\"has-theme-palette-4-color has-text-color has-link-color has-medium-font-size wp-elements-d431af3e3520c2269dbe6a36207bceed\" style=\"font-style:italic;font-weight:600\">Darmowe materia\u0142y na dobry start. Od czasu do czasu wy\u015bl\u0119 ci konkretny mail o bezpiecze\u0144stwie w sieci &#8211; bez spamu, z prostymi krokami do wdro\u017cenia.<\/p>\n\n\n\t\t\t\t<div class=\"blossomthemes-email-newsletter-wrapper\n\t\t\t\t\t\t\t\t\" id=\"boxes-61\" style=\"background: #ffffff; color: 3A2E2C \">\n\n\t\t\t\t\t\n\t\t\t\t\t<div class=\"text-holder\" >\n\t\t\t\t\t\t\t\t\t\t\t\t\t\t\t\t\t<\/div>\n\t\t\t\t\t<form id=\"blossomthemes-email-newsletter-61\" class=\"blossomthemes-email-newsletter-window-61\">\n\t\t\t\t\t\t\t\t\t\t\t\t\t<input type=\"text\" name=\"subscribe-email\" required=\"required\" class=\"subscribe-email-61\" value=\"\" placeholder=\"Tw\u00f3j email\">\n\t\t\t\t\t\t\t\t\t\t\t\t\t<div id=\"loader-61\" style=\"display: none\">\n\t\t\t\t\t\t\t<div class=\"table\">\n\t\t\t\t\t\t\t\t<div class=\"table-row\">\n\t\t\t\t\t\t\t\t\t<div class=\"table-cell\">\n\t\t\t\t\t\t\t\t\t\t<svg xmlns=\"http:\/\/www.w3.org\/2000\/svg\" xmlns:xlink=\"http:\/\/www.w3.org\/1999\/xlink\" style=\"margin: auto; background: none; display: block; shape-rendering: auto;\" width=\"51px\" height=\"51px\" viewBox=\"0 0 100 100\" preserveAspectRatio=\"xMidYMid\"> <g transform=\"rotate(0 50 50)\"> <rect x=\"47\" y=\"24\" rx=\"3\" ry=\"6\" width=\"6\" height=\"12\" fill=\"#453e3f\"> <animate attributeName=\"opacity\" values=\"1;0\" keyTimes=\"0;1\" dur=\"1s\" begin=\"-0.9166666666666666s\" repeatCount=\"indefinite\"><\/animate> <\/rect> <\/g><g transform=\"rotate(30 50 50)\"> <rect x=\"47\" y=\"24\" rx=\"3\" ry=\"6\" width=\"6\" height=\"12\" fill=\"#453e3f\"> <animate attributeName=\"opacity\" values=\"1;0\" keyTimes=\"0;1\" dur=\"1s\" begin=\"-0.8333333333333334s\" repeatCount=\"indefinite\"><\/animate> <\/rect> <\/g><g transform=\"rotate(60 50 50)\"> <rect x=\"47\" y=\"24\" rx=\"3\" ry=\"6\" width=\"6\" height=\"12\" fill=\"#453e3f\"> <animate attributeName=\"opacity\" values=\"1;0\" keyTimes=\"0;1\" dur=\"1s\" begin=\"-0.75s\" repeatCount=\"indefinite\"><\/animate> <\/rect> <\/g><g transform=\"rotate(90 50 50)\"> <rect x=\"47\" y=\"24\" rx=\"3\" ry=\"6\" width=\"6\" height=\"12\" fill=\"#453e3f\"> <animate attributeName=\"opacity\" values=\"1;0\" keyTimes=\"0;1\" dur=\"1s\" begin=\"-0.6666666666666666s\" repeatCount=\"indefinite\"><\/animate> <\/rect> <\/g><g transform=\"rotate(120 50 50)\"> <rect x=\"47\" y=\"24\" rx=\"3\" ry=\"6\" width=\"6\" height=\"12\" fill=\"#453e3f\"> <animate attributeName=\"opacity\" values=\"1;0\" keyTimes=\"0;1\" dur=\"1s\" begin=\"-0.5833333333333334s\" repeatCount=\"indefinite\"><\/animate> <\/rect> <\/g><g transform=\"rotate(150 50 50)\"> <rect x=\"47\" y=\"24\" rx=\"3\" ry=\"6\" width=\"6\" height=\"12\" fill=\"#453e3f\"> <animate attributeName=\"opacity\" values=\"1;0\" keyTimes=\"0;1\" dur=\"1s\" begin=\"-0.5s\" repeatCount=\"indefinite\"><\/animate> <\/rect> <\/g><g transform=\"rotate(180 50 50)\"> <rect x=\"47\" y=\"24\" rx=\"3\" ry=\"6\" width=\"6\" height=\"12\" fill=\"#453e3f\"> <animate attributeName=\"opacity\" values=\"1;0\" keyTimes=\"0;1\" dur=\"1s\" begin=\"-0.4166666666666667s\" repeatCount=\"indefinite\"><\/animate> <\/rect> <\/g><g transform=\"rotate(210 50 50)\"> <rect x=\"47\" y=\"24\" rx=\"3\" ry=\"6\" width=\"6\" height=\"12\" fill=\"#453e3f\"> <animate attributeName=\"opacity\" values=\"1;0\" keyTimes=\"0;1\" dur=\"1s\" begin=\"-0.3333333333333333s\" repeatCount=\"indefinite\"><\/animate> <\/rect> <\/g><g transform=\"rotate(240 50 50)\"> <rect x=\"47\" y=\"24\" rx=\"3\" ry=\"6\" width=\"6\" height=\"12\" fill=\"#453e3f\"> <animate attributeName=\"opacity\" values=\"1;0\" keyTimes=\"0;1\" dur=\"1s\" begin=\"-0.25s\" repeatCount=\"indefinite\"><\/animate> <\/rect> <\/g><g transform=\"rotate(270 50 50)\"> <rect x=\"47\" y=\"24\" rx=\"3\" ry=\"6\" width=\"6\" height=\"12\" fill=\"#453e3f\"> <animate attributeName=\"opacity\" values=\"1;0\" keyTimes=\"0;1\" dur=\"1s\" begin=\"-0.16666666666666666s\" repeatCount=\"indefinite\"><\/animate> <\/rect> <\/g><g transform=\"rotate(300 50 50)\"> <rect x=\"47\" y=\"24\" rx=\"3\" ry=\"6\" width=\"6\" height=\"12\" fill=\"#453e3f\"> <animate attributeName=\"opacity\" values=\"1;0\" keyTimes=\"0;1\" dur=\"1s\" begin=\"-0.08333333333333333s\" repeatCount=\"indefinite\"><\/animate> <\/rect> <\/g><g transform=\"rotate(330 50 50)\"> <rect x=\"47\" y=\"24\" rx=\"3\" ry=\"6\" width=\"6\" height=\"12\" fill=\"#453e3f\"> <animate attributeName=\"opacity\" values=\"1;0\" keyTimes=\"0;1\" dur=\"1s\" begin=\"0s\" repeatCount=\"indefinite\"><\/animate> <\/rect> <\/g> <!-- [ldio] generated by https:\/\/loading.io\/ --><\/svg>\n\t\t\t\t\t\t\t\t\t<\/div>\n\t\t\t\t\t\t\t\t<\/div>\n\t\t\t\t\t\t\t<\/div>\n\t\t\t\t\t\t<\/div>\n\t\t\t\t\t\t<input type=\"submit\" name=\"subscribe-submit\" class=\"subscribe-submit-61\" value=\"zapisz si\u0119\">\n\t\t\t\t\t\t<input type=\"hidden\" id=\"bten_subscription_nonce_61\" name=\"bten_subscription_nonce_61\" value=\"7eaf041f41\" \/><input type=\"hidden\" name=\"_wp_http_referer\" value=\"\/index.php\/wp-json\/wp\/v2\/pages\/2\" \/>\t\t\t\t\t<\/form>\n\n\t\t\t\t\t\n\t\t\t\t\t<div class=\"bten-response\" id=\"bten-response-61\"><span><\/span><\/div>\n\t\t\t\t\t<div id=\"mask-61\"><\/div>\n\t\t\t\t<\/div>\n\t\t\t\t<style>#mask-61{position:fixed;width:100%;height:100%;left:0;top:0;z-index:9000;background-color:#000;display:none}#boxes-61 #dialog{width:750px;height:300px;padding:10px;background-color:#fff;font-family:\"Segoe UI Light\",sans-serif;font-size:15pt}#loader-61{position:absolute;top:27%;left:0;width:100%;height:80%;text-align:center;font-size:50px}#loader-61 .table{display:table;width:100%;height:100%}#loader-61 .table-row{display:table-row}#loader-61 .table-cell{display:table-cell;vertical-align:middle}<\/style><script>jQuery(function(){jQuery(document).on(\"submit\",\"form#blossomthemes-email-newsletter-61\",function(e){e.preventDefault();jQuery(\".subscribe-submit-61\").attr(\"disabled\",\"disabled\");var email=jQuery(\".subscribe-email-61\").val();var fname=jQuery(\".subscribe-fname-61\").val();var confirmation=jQuery(\".subscribe-confirmation-61\").val();var sid=61;var nonce=jQuery(\"#bten_subscription_nonce_61\").val();jQuery.ajax({type:\"post\",dataType:\"json\",url:bten_ajax_data.ajaxurl,data:{action:\"subscription_response\",email:email,fname:fname,sid:sid,confirmation:confirmation,nonce:nonce},beforeSend:function(){jQuery(\"#loader-61\").fadeIn(500)},success:function(response){jQuery(\".subscribe-submit-61\").attr(\"disabled\",\"disabled\");if(response.type===\"success\"){jQuery(\"#bten-response-61 span\").html(response.message);jQuery(\"#bten-response-61\").fadeIn(\"slow\").delay(\"3000\").fadeOut(\"3000\",function(){jQuery(\".subscribe-submit-61\").removeAttr(\"disabled\",\"disabled\");jQuery(\"form#blossomthemes-email-newsletter-61\").find(\"input[type=text]\").val(\"\");jQuery(\"form#blossomthemes-email-newsletter-61\").find(\"input[type=checkbox]\").prop(\"checked\",!1)})}else{jQuery(\"#bten-response-61 span\").html(response.message);jQuery(\"#bten-response-61\").fadeIn(\"slow\").delay(\"3000\").fadeOut(\"3000\",function(){jQuery(\".subscribe-submit-61\").removeAttr(\"disabled\",\"disabled\");jQuery(\"form#blossomthemes-email-newsletter-61\").find(\"input[type=text]\").val(\"\");jQuery(\"form#blossomthemes-email-newsletter-61\").find(\"input[type=checkbox]\").prop(\"checked\",!1)})}},complete:function(){jQuery(\"#loader-61\").fadeOut(500)}})})});<\/script>\n\n\n\n<p><\/p>\n<\/div><\/div>\n<\/div><\/div>\n\n\n\n<p><\/p>\n\n\n\n<p><\/p>\n\n\n\n<p><\/p>\n","protected":false},"excerpt":{"rendered":"<p>Kobieca tarcza w cyfrowym \u015bwiecie Pomagam kobietom czu\u0107 si\u0119 pewnie i bezpiecznie w cyfrowym \u015bwiecie \u2014 w prosty i zrozumia\u0142y spos\u00f3b. SPRAWD\u0179 OSZUSTWO E-BOOKI i PDF-y AUDYTY BEZPIECZE\u0143STWA Darmowe materia\u0142y na dobry start. Od czasu do czasu wy\u015bl\u0119 ci konkretny mail o bezpiecze\u0144stwie w sieci &#8211; bez spamu, z prostymi krokami do wdro\u017cenia.<\/p>\n","protected":false},"author":1,"featured_media":0,"parent":0,"menu_order":0,"comment_status":"closed","ping_status":"open","template":"","meta":{"_gspb_post_css":"","_uag_custom_page_level_css":"","_kadence_starter_templates_imported_post":false,"_kad_post_transparent":"","_kad_post_title":"","_kad_post_layout":"","_kad_post_sidebar_id":"","_kad_post_content_style":"","_kad_post_vertical_padding":"","_kad_post_feature":"","_kad_post_feature_position":"","_kad_post_header":false,"_kad_post_footer":false,"_kad_post_classname":"","footnotes":""},"class_list":["post-2","page","type-page","status-publish","hentry"],"uagb_featured_image_src":{"full":false,"thumbnail":false,"medium":false,"medium_large":false,"large":false,"post-slider-thumb-size":false,"post-category-slider-size":false,"1536x1536":false,"2048x2048":false},"uagb_author_info":{"display_name":"admin","author_link":"https:\/\/www.host661842.stronawcal.pl\/index.php\/author\/admin\/"},"uagb_comment_info":0,"uagb_excerpt":"Kobieca tarcza w cyfrowym \u015bwiecie Pomagam kobietom czu\u0107 si\u0119 pewnie i bezpiecznie w cyfrowym \u015bwiecie \u2014 w prosty i zrozumia\u0142y spos\u00f3b. SPRAWD\u0179 OSZUSTWO E-BOOKI i PDF-y AUDYTY BEZPIECZE\u0143STWA Darmowe materia\u0142y na dobry start. Od czasu do czasu wy\u015bl\u0119 ci konkretny mail o bezpiecze\u0144stwie w sieci &#8211; bez spamu, z prostymi krokami do wdro\u017cenia.","_links":{"self":[{"href":"https:\/\/www.host661842.stronawcal.pl\/index.php\/wp-json\/wp\/v2\/pages\/2","targetHints":{"allow":["GET"]}}],"collection":[{"href":"https:\/\/www.host661842.stronawcal.pl\/index.php\/wp-json\/wp\/v2\/pages"}],"about":[{"href":"https:\/\/www.host661842.stronawcal.pl\/index.php\/wp-json\/wp\/v2\/types\/page"}],"author":[{"embeddable":true,"href":"https:\/\/www.host661842.stronawcal.pl\/index.php\/wp-json\/wp\/v2\/users\/1"}],"replies":[{"embeddable":true,"href":"https:\/\/www.host661842.stronawcal.pl\/index.php\/wp-json\/wp\/v2\/comments?post=2"}],"version-history":[{"count":141,"href":"https:\/\/www.host661842.stronawcal.pl\/index.php\/wp-json\/wp\/v2\/pages\/2\/revisions"}],"predecessor-version":[{"id":530,"href":"https:\/\/www.host661842.stronawcal.pl\/index.php\/wp-json\/wp\/v2\/pages\/2\/revisions\/530"}],"wp:attachment":[{"href":"https:\/\/www.host661842.stronawcal.pl\/index.php\/wp-json\/wp\/v2\/media?parent=2"}],"curies":[{"name":"wp","href":"https:\/\/api.w.org\/{rel}","templated":true}]}}