{"id":123,"date":"2025-11-15T16:44:28","date_gmt":"2025-11-15T16:44:28","guid":{"rendered":"https:\/\/www.host661842.stronawcal.pl\/?page_id=123"},"modified":"2025-11-19T21:56:53","modified_gmt":"2025-11-19T21:56:53","slug":"o-mnie","status":"publish","type":"page","link":"https:\/\/www.host661842.stronawcal.pl\/index.php\/o-mnie\/","title":{"rendered":"O mnie"},"content":{"rendered":"\n<p><strong>Jestem kobiet\u0105, kt\u00f3ra wierzy, \u017ce bezpiecze\u0144stwo online nie musi by\u0107 trudne, techniczne ani stresuj\u0105ce.<br>Ucz\u0119 kobiety, jak chroni\u0107 swoj\u0105 prywatno\u015b\u0107 i dane w cyfrowym \u015bwiecie \u2014 prosto, jasno i bez poczucia przyt\u0142oczenia.<\/strong><\/p>\n\n\n\n<p><strong>Wiem, jak wygl\u0105da rzeczywisto\u015b\u0107: <strong> nowe aplikacje, nowe zagro\u017cenia<\/strong>, du\u017co hase\u0142, <strong>nowe oszustwa<\/strong><\/strong> <strong>a ma\u0142o wsparcia, \u2026 i wszystko dzieje si\u0119 coraz szybciej.<br>Dlatego m\u00f3wi\u0119 wprost \u2014 <strong>cyfrowych zagro\u017ce\u0144 b\u0119dzie z ka\u017cdym rokiem coraz wi\u0119cej<\/strong>, bo technologia p\u0119dzi do przodu,<br>Dlatego w\u0142a\u015bnie tworz\u0119 kursy, materia\u0142y i wskaz\u00f3wki, kt\u00f3re prowadz\u0105 Ci\u0119 krok po kroku \u2014 bez oceniania, bez presji.<\/strong><\/p>\n\n\n\n<figure class=\"wp-block-gallery has-nested-images columns-default is-cropped wp-block-gallery-2 is-layout-flex wp-block-gallery-is-layout-flex\">\n<figure class=\"wp-block-image size-large is-resized wp-duotone-000000-rgba2502472420-1\"><img fetchpriority=\"high\" decoding=\"async\" width=\"1024\" height=\"1024\" data-id=\"129\" src=\"https:\/\/www.host661842.stronawcal.pl\/wp-content\/uploads\/2025\/11\/folder-1.png\" alt=\"\" class=\"wp-image-129\" style=\"width:78px;height:auto\" srcset=\"https:\/\/www.host661842.stronawcal.pl\/wp-content\/uploads\/2025\/11\/folder-1.png 1024w, https:\/\/www.host661842.stronawcal.pl\/wp-content\/uploads\/2025\/11\/folder-1-300x300.png 300w, https:\/\/www.host661842.stronawcal.pl\/wp-content\/uploads\/2025\/11\/folder-1-150x150.png 150w, https:\/\/www.host661842.stronawcal.pl\/wp-content\/uploads\/2025\/11\/folder-1-768x768.png 768w\" sizes=\"(max-width: 1024px) 100vw, 1024px\" \/><\/figure>\n<\/figure>\n\n\n\n<p><\/p>\n\n\n\n<p><strong>Moja misja?<br>Aby ka\u017cda kobieta czu\u0142a si\u0119 pewnie, kompetentnie i \u015bwiadomie w \u015bwiecie technologii, niezale\u017cnie od tego, jak bardzo zmienia si\u0119 cyfrowy \u015bwiat.<br>Chc\u0119, \u017ceby\u015b czu\u0142a si\u0119 swobodnie i bezpiecznie w tej przestrzeni<\/strong>.<\/p>\n\n\n\n<p><strong>Ju\u017c sam fakt, \u017ce tu jeste\u015b, jest Twoim pierwszym krokiem w stron\u0119 wi\u0119kszej \u015bwiadomo\u015bci.<br>A ja jestem po to, \u017ceby to by\u0142o \u0142atwiejsze.<\/strong><\/p>\n\n\n\n<p><\/p>\n","protected":false},"excerpt":{"rendered":"<p>Jestem kobiet\u0105, kt\u00f3ra wierzy, \u017ce bezpiecze\u0144stwo online nie musi by\u0107 trudne, techniczne ani stresuj\u0105ce.Ucz\u0119 kobiety, jak chroni\u0107 swoj\u0105 prywatno\u015b\u0107 i dane w cyfrowym \u015bwiecie \u2014 prosto, jasno i bez poczucia przyt\u0142oczenia. Wiem, jak wygl\u0105da rzeczywisto\u015b\u0107: nowe aplikacje, nowe zagro\u017cenia, du\u017co hase\u0142, nowe oszustwa a ma\u0142o wsparcia, \u2026 i wszystko dzieje si\u0119 coraz szybciej.Dlatego m\u00f3wi\u0119 wprost&#8230;<\/p>\n","protected":false},"author":1,"featured_media":0,"parent":0,"menu_order":0,"comment_status":"closed","ping_status":"closed","template":"","meta":{"_gspb_post_css":"","_uag_custom_page_level_css":"","_kadence_starter_templates_imported_post":false,"_kad_post_transparent":"","_kad_post_title":"","_kad_post_layout":"","_kad_post_sidebar_id":"","_kad_post_content_style":"","_kad_post_vertical_padding":"","_kad_post_feature":"","_kad_post_feature_position":"","_kad_post_header":false,"_kad_post_footer":false,"_kad_post_classname":"","footnotes":""},"class_list":["post-123","page","type-page","status-publish","hentry"],"uagb_featured_image_src":{"full":false,"thumbnail":false,"medium":false,"medium_large":false,"large":false,"post-slider-thumb-size":false,"post-category-slider-size":false,"1536x1536":false,"2048x2048":false},"uagb_author_info":{"display_name":"admin","author_link":"https:\/\/www.host661842.stronawcal.pl\/index.php\/author\/admin\/"},"uagb_comment_info":0,"uagb_excerpt":"Jestem kobiet\u0105, kt\u00f3ra wierzy, \u017ce bezpiecze\u0144stwo online nie musi by\u0107 trudne, techniczne ani stresuj\u0105ce.Ucz\u0119 kobiety, jak chroni\u0107 swoj\u0105 prywatno\u015b\u0107 i dane w cyfrowym \u015bwiecie \u2014 prosto, jasno i bez poczucia przyt\u0142oczenia. Wiem, jak wygl\u0105da rzeczywisto\u015b\u0107: nowe aplikacje, nowe zagro\u017cenia, du\u017co hase\u0142, nowe oszustwa a ma\u0142o wsparcia, \u2026 i wszystko dzieje si\u0119 coraz szybciej.Dlatego m\u00f3wi\u0119 wprost...","_links":{"self":[{"href":"https:\/\/www.host661842.stronawcal.pl\/index.php\/wp-json\/wp\/v2\/pages\/123","targetHints":{"allow":["GET"]}}],"collection":[{"href":"https:\/\/www.host661842.stronawcal.pl\/index.php\/wp-json\/wp\/v2\/pages"}],"about":[{"href":"https:\/\/www.host661842.stronawcal.pl\/index.php\/wp-json\/wp\/v2\/types\/page"}],"author":[{"embeddable":true,"href":"https:\/\/www.host661842.stronawcal.pl\/index.php\/wp-json\/wp\/v2\/users\/1"}],"replies":[{"embeddable":true,"href":"https:\/\/www.host661842.stronawcal.pl\/index.php\/wp-json\/wp\/v2\/comments?post=123"}],"version-history":[{"count":8,"href":"https:\/\/www.host661842.stronawcal.pl\/index.php\/wp-json\/wp\/v2\/pages\/123\/revisions"}],"predecessor-version":[{"id":465,"href":"https:\/\/www.host661842.stronawcal.pl\/index.php\/wp-json\/wp\/v2\/pages\/123\/revisions\/465"}],"wp:attachment":[{"href":"https:\/\/www.host661842.stronawcal.pl\/index.php\/wp-json\/wp\/v2\/media?parent=123"}],"curies":[{"name":"wp","href":"https:\/\/api.w.org\/{rel}","templated":true}]}}